{"id":220,"date":"2025-01-02T13:08:14","date_gmt":"2025-01-02T12:08:14","guid":{"rendered":"https:\/\/www.estudimusical143.com\/avis-legal\/"},"modified":"2025-07-24T11:04:58","modified_gmt":"2025-07-24T09:04:58","slug":"avis-legal","status":"publish","type":"page","link":"https:\/\/www.estudimusical143.com\/es\/avis-legal\/","title":{"rendered":"Aviso legal"},"content":{"rendered":"\n<article class=\"wp-block-group is-style-section has-global-padding is-layout-constrained wp-block-group-is-layout-constrained\"><h1 class=\"wp-block-post-title\">Aviso legal<\/h1>\n\n\n<p>Condiciones generales de uso de la p\u00e1gina web&nbsp;<strong>www.estudimusical143.com<\/strong><\/p>\n\n\n\n<h3 class=\"wp-block-heading\">1. Identificaci\u00f3n y actividad de la sociedad.<\/h3>\n\n\n\n<p><strong>ESTUDI MUSICAL 143<\/strong>&nbsp;(en adelante \u00ab<strong>ESTUDI MUSICAL 143<\/strong>\u00ab), con domicilio social en la&nbsp;<strong>ARIBAU 134 ENT 2<\/strong>&nbsp;<strong>08036<\/strong>&nbsp;<strong>Barcelona<\/strong>,<strong>B-65859845<\/strong>, inscrita en el Registro Mercantil de Barcelona, es una sociedad que tiene por objeto&nbsp;<strong>escola<\/strong><\/p>\n\n\n\n<h3 class=\"wp-block-heading\">2. Responsabilidades de uso.<\/h3>\n\n\n\n<p>Ambas partes son responsables de la veracidad de los datos que se env\u00eden y gestionen a trav\u00e9s del sistema. El Usuario deber\u00e1 disponer de los medios materiales, sistemas, redes de comunicaci\u00f3n, maquinaria y equipos necesarios para el correcto funcionamiento del sistema.<\/p>\n\n\n\n<p>El Usuario y&nbsp;<strong>ESTUDI MUSICAL 143<\/strong>&nbsp;adoptar\u00e1n todas las medidas de seguridad necesarias de conformidad con la tecnolog\u00eda y situaci\u00f3n en el mercado, con la finalidad de no introducir cualquier tipo de c\u00f3digo contaminante o virus en el sistema.<br>No obstante lo anterior,&nbsp;<strong>ESTUDI MUSICAL 143<\/strong>&nbsp;excluye cualquier responsabilidad por da\u00f1os y perjuicios al Usuario en relaci\u00f3n con:<\/p>\n\n\n\n<p>i) Falta de funcionamiento correcto de la p\u00e1gina web o de los servicios y promociones ofrecidos a trav\u00e9s de la misma, as\u00ed como de la falta de adaptaci\u00f3n de la p\u00e1gina web para un fin concreto esperado por los Usuarios.<br><br>ii) Presencia de c\u00f3digos contaminantes o virus o presencia de otros elementos que pudieran producir alteraciones en el sistema inform\u00e1tico o ficheros de los Usuarios.<\/p>\n\n\n\n<h3 class=\"wp-block-heading\">3. Seguridad y confidencialidad. Pol\u00edtica de Protecci\u00f3n de Datos.<\/h3>\n\n\n\n<p>Los datos de car\u00e1cter personal proporcionados por usted, y los que en cualquier momento facilite, ser\u00e1n tratados en los t\u00e9rminos y condiciones estipulados en nuestra Pol\u00edtica de Privacidad. La mera utilizaci\u00f3n de nuestra p\u00e1gina web, supone la aceptaci\u00f3n de las presentes Condiciones Generales y de la Pol\u00edtica de Privacidad que se incluye en la misma.<\/p>\n\n\n\n<h3 class=\"wp-block-heading\">4. Propiedad intelectual y\/o industrial.<\/h3>\n\n\n\n<p>Toda la informaci\u00f3n contenida en la p\u00e1gina web&nbsp;<strong>www.estudimusical143.com<\/strong>, como pueden ser, a t\u00edtulo enunciativo, el dise\u00f1o gr\u00e1fico, im\u00e1genes, c\u00f3digos fuente, marcas, r\u00f3tulos de establecimiento, nombres comerciales, denominaciones, otros signos distintivos \u00f3 links de terceros, etc., est\u00e1n sujetos a derechos de propiedad intelectual e industrial de&nbsp;<strong>ESTUDI MUSICAL 143<\/strong>&nbsp;o de terceros.<\/p>\n\n\n\n<p>Bajo ning\u00fan supuesto, el acceso a los servicios de&nbsp;<strong>ESTUDI MUSICAL 143<\/strong>&nbsp;supone la renuncia, transmisi\u00f3n, cesi\u00f3n o licencia total o parcial de dichos derechos, ni confiere ning\u00fan derecho de utilizaci\u00f3n, traducci\u00f3n, adaptaci\u00f3n, alteraci\u00f3n, explotaci\u00f3n, reproducci\u00f3n, distribuci\u00f3n o comunicaci\u00f3n p\u00fablica de dichos derechos de propiedad intelectual sin la previa y expresa autorizaci\u00f3n de&nbsp;<strong>ESTUDI MUSICAL 143<\/strong>&nbsp;o del tercero titular de los derechos afectados. Por tanto, a t\u00edtulo enunciativo que no limitativo, el Usuario, no estar\u00e1 autorizado a reproducir, descompilar, invertir, transformar, modificar, ni actualizar el sistema, sin la autorizaci\u00f3n previa y por escrito de&nbsp;<strong>ESTUDI MUSICAL 143<\/strong>.<\/p>\n\n\n\n<p>En ning\u00fan caso est\u00e1 autorizada (y ser\u00e1 perseguida) la reproducci\u00f3n total o parcial de los datos y contenidos a los que se tenga acceso en&nbsp;<strong>www.estudimusical143.com<\/strong>, si se utilizaren contraviniendo la legislaci\u00f3n vigente en materia de propiedad industrial o intelectual.<\/p>\n\n\n\n<p>No obstante lo anterior, quedan a salvo los derechos del Usuario previstos por las disposiciones legales vigentes, as\u00ed como los derechos del Usuario de visualizar y obtener una copia en la memoria cach\u00e9 de su ordenador como reproducci\u00f3n transitoria y accesoria, sin que en ning\u00fan caso est\u00e9 autorizado para comunicar la misma a terceros.<\/p>\n\n\n\n<h3 class=\"wp-block-heading\">5. Pol\u00edtica de links.<\/h3>\n\n\n\n<p><strong>ESTUDI MUSICAL 143<\/strong>&nbsp;no se responsabilizar\u00e1 de los da\u00f1os y perjuicios derivados de los servicios y contenidos que se ofrezcan a trav\u00e9s de las p\u00e1ginas web a las que los Usuarios puedan acceder a trav\u00e9s de los enlaces que se incluyen en la p\u00e1gina web<strong>www.estudimusical143.com<\/strong>.<\/p>\n\n\n\n<h3 class=\"wp-block-heading\">6. Notificaciones.<\/h3>\n\n\n\n<p>Cualquier notificaci\u00f3n podr\u00e1 ser dirigida a&nbsp;<strong>ESTUDI MUSICAL 143<\/strong>&nbsp;a la direcci\u00f3n que figura en el encabezamiento o mediante el env\u00edo de un correo electr\u00f3nico a la siguiente direcci\u00f3n:&nbsp;<strong><a href=\"mailto:info@estudimusical143.com\">info@estudimusical143.com<\/a><\/strong>.<\/p>\n\n\n\n<h3 class=\"wp-block-heading\">7. Legislaci\u00f3n aplicable y jurisdicci\u00f3n<\/h3>\n\n\n\n<p>Las presentes condiciones quedan sujetas a la normativa de derecho com\u00fan espa\u00f1ola. Los Usuarios se someten expresamente para cualquier cuesti\u00f3n, discrepancia, controversia o reclamaci\u00f3n que se derive de la ejecuci\u00f3n, interpretaci\u00f3n o cumplimiento de las obligaciones que se establezcan entre&nbsp;<strong>ESTUDI MUSICAL 143<\/strong>&nbsp;y los usuarios de la p\u00e1gina web<strong>&nbsp;www.estudimusical143.com<\/strong>, a los Juzgados y Tribunales de Barcelona, con renuncia expresa a cualquier otro fuero que por ley pudiera corresponderles.<\/p>\n\n\n\n<h3 class=\"wp-block-heading\">8. Consentimiento del Usuario.<\/h3>\n\n\n\n<p>El mero acceso o utilizaci\u00f3n de la p\u00e1gina web&nbsp;<strong>www.estudimusical143.com<\/strong>&nbsp;por parte del Usuario, supone la aceptaci\u00f3n de las presentes Condiciones Generales de Uso.<\/p>\n<\/article>\n","protected":false},"excerpt":{"rendered":"<p>Condiciones generales de uso de la p\u00e1gina web&nbsp;www.estudimusical143.com 1. Identificaci\u00f3n y actividad de la sociedad. ESTUDI MUSICAL 143&nbsp;(en adelante \u00abESTUDI MUSICAL 143\u00ab), con domicilio social en la&nbsp;ARIBAU 134 ENT 2&nbsp;08036&nbsp;Barcelona,B-65859845, inscrita en el Registro Mercantil de Barcelona, es una sociedad que tiene por objeto&nbsp;escola 2. Responsabilidades de uso. Ambas partes son responsables de la veracidad [&hellip;]<\/p>\n","protected":false},"author":1,"featured_media":0,"parent":0,"menu_order":4,"comment_status":"closed","ping_status":"closed","template":"","meta":{"_seopress_robots_primary_cat":"","_seopress_titles_title":"","_seopress_titles_desc":"","_seopress_robots_index":"","footnotes":""},"class_list":["post-220","page","type-page","status-publish","hentry"],"_links":{"self":[{"href":"https:\/\/www.estudimusical143.com\/es\/wp-json\/wp\/v2\/pages\/220","targetHints":{"allow":["GET"]}}],"collection":[{"href":"https:\/\/www.estudimusical143.com\/es\/wp-json\/wp\/v2\/pages"}],"about":[{"href":"https:\/\/www.estudimusical143.com\/es\/wp-json\/wp\/v2\/types\/page"}],"author":[{"embeddable":true,"href":"https:\/\/www.estudimusical143.com\/es\/wp-json\/wp\/v2\/users\/1"}],"replies":[{"embeddable":true,"href":"https:\/\/www.estudimusical143.com\/es\/wp-json\/wp\/v2\/comments?post=220"}],"version-history":[{"count":0,"href":"https:\/\/www.estudimusical143.com\/es\/wp-json\/wp\/v2\/pages\/220\/revisions"}],"wp:attachment":[{"href":"https:\/\/www.estudimusical143.com\/es\/wp-json\/wp\/v2\/media?parent=220"}],"curies":[{"name":"wp","href":"https:\/\/api.w.org\/{rel}","templated":true}]}}