{"id":218,"date":"2025-01-02T12:18:29","date_gmt":"2025-01-02T11:18:29","guid":{"rendered":"https:\/\/www.estudimusical143.com\/politica-de-cookies\/"},"modified":"2025-07-24T11:02:28","modified_gmt":"2025-07-24T09:02:28","slug":"politica-de-cookies","status":"publish","type":"page","link":"https:\/\/www.estudimusical143.com\/es\/politica-de-cookies\/","title":{"rendered":"Pol\u00edtica de cookies"},"content":{"rendered":"\n<div class=\"wp-block-group is-style-section has-global-padding is-layout-constrained wp-block-group-is-layout-constrained\"><h1 class=\"wp-block-post-title\">Pol\u00edtica de cookies<\/h1>\n\n\n<h3 class=\"wp-block-heading\">Definici\u00f3n y funci\u00f3n de las cookies<\/h3>\n\n\n\n<p>\u00bfQu\u00e9 son las cookies? Una cookie es un archivo que se descarga en su ordenador al acceder a determinadas p\u00e1ginas web. Las cookies tienen finalidades muy diversas, como por ejemplo, reconocerle como usuario, almacenar y recuperar informaci\u00f3n sobre los h\u00e1bitos de navegaci\u00f3n de un usuario o de su equipo, personalizar la forma en que se muestra el contenido y, dependiendo de la informaci\u00f3n que contengan y de la forma en que utilice su equipo, se pueden utilizar para reconocer al usuario.<\/p>\n\n\n\n<p>Los usos concretos que hacemos se describen a continuaci\u00f3n.<\/p>\n\n\n\n<div style=\"height:var(--wp--preset--spacing--10)\" aria-hidden=\"true\" class=\"wp-block-spacer\"><\/div>\n\n\n\n<h3 class=\"wp-block-heading\">\u00bfQu\u00e9 tipos de cookies utiliza esta p\u00e1gina web?<\/h3>\n\n\n<div class=\"wp-block-list\">\n<ul class=\"wp-block-list\">\n<li><strong>Cookies propia<\/strong>s: Son aquellas que se env\u00edan al equipo terminal del usuario desde un equipo o dominio gestionado por el propio editor y desde el que se presta el servicio solicitado por el usuario.<\/li>\n\n\n\n<li><strong>Cookies de tercero<\/strong>s: son aquellas que se env\u00edan al terminal del usuario desde un equipo o dominio que no es gestionado por el editor, sino por otra entidad que trata los datos obtenidos a trav\u00e9s de las cookies.<\/li>\n<\/ul>\n<\/div>\n\n\n<p>En el presente caso, los terceros est\u00e1n detallados en el cuadro m\u00e1s abajo. Puede acceder a la informaci\u00f3n sobre la utilizaci\u00f3n de cookies, incluida la posible transferencia internacional de datos a terceros pa\u00edses, a trav\u00e9s de la pol\u00edtica de cookies o privacidad de su p\u00e1gina web.<\/p>\n\n\n\n<p>Tenga en cuenta que si acepta cookies de terceros, necesita eliminarlos de las opciones navegador o desde el sistema ofrecido por el propio tercero.<\/p>\n\n\n<div class=\"wp-block-list\">\n<ul class=\"wp-block-list\">\n<li><strong>Cookies de sesi\u00f3n<\/strong>: son las dise\u00f1adas para recopilar y almacenar datos mientras el usuario accede a un sitio web. Suelen ser utilizadas para almacenar informaci\u00f3n que s\u00f3lo interesa\u00a0conservar para la prestaci\u00f3n del servicio solicitado por el usuario en una \u00fanica ocasi\u00f3n y desaparecen al final de la sesi\u00f3n.<\/li>\n\n\n\n<li><strong>Cookies persistentes<\/strong>: Son un tipo de cookies en el que los datos siguen almacenados en el terminal y pueden ser accedidos y tratados durante un per\u00edodo definido por el responsable de la cookie, y que puede ir de unos minutos a varios a\u00f1os.<\/li>\n\n\n\n<li><strong>Cookies t\u00e9cnicas<\/strong>: Son aquellas necesarias para poder navegar por el sitio web, plataforma o aplicaci\u00f3n y el uso de las diferentes opciones de los servicios existentes, incluyendo aquellas que el editor utiliza para permitir la gesti\u00f3n y el funcionamiento de la p\u00e1gina web y habilitan sus funciones y servicios, como por ejemplo, controlar el tr\u00e1fico y la comunicaci\u00f3n, identificar la sesi\u00f3n, acceder a partes de acceso restringido, utilizar elementos entre otras muchas.<\/li>\n<\/ul>\n<\/div>\n\n<div class=\"wp-block-list\">\n<ul class=\"wp-block-list\">\n<li><strong>Cookies de personalizaci\u00f3n<\/strong>: Son aquellas que permiten guardar las preferencias del usuario durante su navegaci\u00f3n. Ej: el idioma.<\/li>\n\n\n\n<li><strong>Cookies de an\u00e1lisis<\/strong>: Son aquellas que permiten cuantificar el n\u00famero de usuarios y as\u00ed realizar la medici\u00f3n y an\u00e1lisis estad\u00edstico de la utilizaci\u00f3n que hacen los usuarios de la p\u00e1gina web, aplicaci\u00f3n o plataforma, con el objetivo de introducir mejoras en base al an\u00e1lisis de datos de uso que hacen los usuarios del servicio.<\/li>\n\n\n\n<li><strong>Cookies de publicidad<\/strong>: Son aqu\u00e9llas que almacenan informaci\u00f3n sobre el comportamiento del usuario mediante la observaci\u00f3n continuada de sus h\u00e1bitos de navegaci\u00f3n, permitiendo desarrollar un perfil espec\u00edfico para mostrar publicidad basada en ella.<\/li>\n<\/ul>\n<\/div>\n\n\n<p>Seguidamente le mostramos la informaci\u00f3n sobre las cookies en concreto que utilizamos:<\/p>\n\n\n\n<figure class=\"wp-block-flexible-table-block-table is-style-regular has-tiny-font-size\" style=\"margin-top:var(--wp--preset--spacing--30);margin-bottom:var(--wp--preset--spacing--30)\"><table class=\"has-fixed-layout\" style=\"width:100%\"><thead><tr><th style=\"vertical-align:bottom\">Nombre<\/th><th style=\"vertical-align:bottom\">Dominio<\/th><th style=\"width:70px;vertical-align:bottom\">Tipo de editor<\/th><th style=\"width:80px;vertical-align:bottom\">Tipo de finalidad<\/th><th style=\"width:79px;vertical-align:bottom\">Duraci\u00f3n<\/th><th style=\"vertical-align:bottom\">Finalidad<\/th><\/tr><\/thead><tbody><tr><td>_ga<\/td><td>estudimusical143.com<\/td><td style=\"width:70px\">Tercer<\/td><td style=\"width:80px\">Anal\u00edtica<\/td><td style=\"width:79px\">13 meses<\/td><td>Contabiliza a los usuarios con un ID an\u00f3nimo que permite una medida del uso de la p\u00e1gina web.<\/td><\/tr><tr><td>_gat<\/td><td>estudimusical143.com<\/td><td style=\"width:70px\">Tercer<\/td><td style=\"width:80px\">Anal\u00edtica<\/td><td style=\"width:79px\">1 minuto<\/td><td>Se utiliza para diferenciar entre los distintos objetos de seguimiento durante la sesi\u00f3n.<\/td><\/tr><tr><td>_gid<\/td><td>estudimusical143.com<\/td><td style=\"width:70px\">Tercer<\/td><td style=\"width:80px\">Anal\u00edtica<\/td><td style=\"width:79px\">1 d\u00eda<\/td><td>Para contabilizar las p\u00e1ginas que visita el usuario.<\/td><\/tr><tr><td>moove_gdpr_popup<\/td><td>estudimusical143.com<\/td><td style=\"width:70px\">Pr\u00f2pia<\/td><td style=\"width:80px\">Personalizaci\u00f3n<\/td><td style=\"width:79px\">1 d\u00eda<\/td><td>Para guardar el estado del usuario respecto a sus elecciones de cookies.<\/td><\/tr><\/tbody><\/table><\/figure>\n\n\n\n<p>Si desea consultar la informaci\u00f3n sobre la privacidad de los datos, puede entrar en la \u201cPol\u00edtica de Privacidad\u201d ubicada al pie de la presente p\u00e1gina web. Configuraci\u00f3n, revocaci\u00f3n y eliminaci\u00f3n de cookies<\/p>\n\n\n\n<p>Usted puede permitir, bloquear o eliminar las cookies mediante el siguiente panel de configuraci\u00f3n.<\/p>\n\n\n\n<p>Tambi\u00e9n puede bloquearlas mediante la configuraci\u00f3n de las opciones del navegador en su ordenador en los siguientes enlaces:<\/p>\n\n\n<div class=\"wp-block-list\">\n<ul class=\"wp-block-list\">\n<li>Edge: https:\/\/support.microsoft.com\/es-es\/help\/4027947\/microsoft-edge-delete-cookies<\/li>\n\n\n\n<li>Chrome: http:\/\/support.google.com\/chrome\/bin\/answer.py?hl=es&amp;answer=95647<\/li>\n\n\n\n<li>Firefox: https:\/\/support.mozilla.org\/es\/kb\/impedir-que-los-sitios-web-guarden-sus-preferencia<\/li>\n\n\n\n<li>Safari: https:\/\/support.apple.com\/kb\/ph5042<\/li>\n\n\n\n<li>Opera: http:\/\/help.opera.com\/Windows\/11.50\/es-ES\/cookies.html<\/li>\n<\/ul>\n<\/div>\n\n\n<p>Cualquier modificaci\u00f3n de las cookies, comportar\u00e1 la necesaria modificaci\u00f3n de los textos aqu\u00ed expuestos.<\/p>\n\n\n\n<p><\/p>\n<\/div>\n","protected":false},"excerpt":{"rendered":"<p>Definici\u00f3n y funci\u00f3n de las cookies \u00bfQu\u00e9 son las cookies? Una cookie es un archivo que se descarga en su ordenador al acceder a determinadas p\u00e1ginas web. Las cookies tienen finalidades muy diversas, como por ejemplo, reconocerle como usuario, almacenar y recuperar informaci\u00f3n sobre los h\u00e1bitos de navegaci\u00f3n de un usuario o de su equipo, [&hellip;]<\/p>\n","protected":false},"author":1,"featured_media":0,"parent":0,"menu_order":16,"comment_status":"closed","ping_status":"closed","template":"","meta":{"_seopress_robots_primary_cat":"","_seopress_titles_title":"","_seopress_titles_desc":"","_seopress_robots_index":"","footnotes":""},"class_list":["post-218","page","type-page","status-publish","hentry"],"_links":{"self":[{"href":"https:\/\/www.estudimusical143.com\/es\/wp-json\/wp\/v2\/pages\/218","targetHints":{"allow":["GET"]}}],"collection":[{"href":"https:\/\/www.estudimusical143.com\/es\/wp-json\/wp\/v2\/pages"}],"about":[{"href":"https:\/\/www.estudimusical143.com\/es\/wp-json\/wp\/v2\/types\/page"}],"author":[{"embeddable":true,"href":"https:\/\/www.estudimusical143.com\/es\/wp-json\/wp\/v2\/users\/1"}],"replies":[{"embeddable":true,"href":"https:\/\/www.estudimusical143.com\/es\/wp-json\/wp\/v2\/comments?post=218"}],"version-history":[{"count":0,"href":"https:\/\/www.estudimusical143.com\/es\/wp-json\/wp\/v2\/pages\/218\/revisions"}],"wp:attachment":[{"href":"https:\/\/www.estudimusical143.com\/es\/wp-json\/wp\/v2\/media?parent=218"}],"curies":[{"name":"wp","href":"https:\/\/api.w.org\/{rel}","templated":true}]}}