{"id":142,"date":"2025-01-03T13:53:13","date_gmt":"2025-01-03T12:53:13","guid":{"rendered":"https:\/\/www.estudimusical143.com\/oferta-educativa\/"},"modified":"2025-05-15T10:34:37","modified_gmt":"2025-05-15T08:34:37","slug":"oferta-educativa","status":"publish","type":"page","link":"https:\/\/www.estudimusical143.com\/es\/oferta-educativa\/","title":{"rendered":"Oferta educativa"},"content":{"rendered":"\n<div class=\"wp-block-group alignwide is-style-section is-layout-flow wp-block-group-is-layout-flow\">\n<div class=\"wp-block-group has-gray-light-background-color has-background has-global-padding is-layout-constrained wp-container-core-group-is-layout-b0a9a6c6 wp-block-group-is-layout-constrained\" style=\"margin-bottom:var(--wp--preset--spacing--40);padding-top:0;padding-right:0;padding-bottom:0;padding-left:0\">\n<div class=\"wp-block-columns alignwide is-layout-flex wp-container-core-columns-is-layout-28f84493 wp-block-columns-is-layout-flex\">\n<div class=\"wp-block-column is-vertically-aligned-top is-layout-flow wp-block-column-is-layout-flow\" style=\"flex-basis:66.66%\">\n<div class=\"wp-block-group has-global-padding is-layout-constrained wp-container-core-group-is-layout-80fb368b wp-block-group-is-layout-constrained\" style=\"padding-top:var(--wp--preset--spacing--30);padding-right:var(--wp--preset--spacing--30);padding-bottom:var(--wp--preset--spacing--30);padding-left:var(--wp--preset--spacing--30)\"><h1 class=\"wp-block-post-title\">Oferta educativa<\/h1>\n\n\n<p>El prop\u00f3sito de la escuela es el de ofrecer una formaci\u00f3n musical de alta calidad, con un plan de estudios personalizado y adecuado al ritmo de cada alumno, sus capacidades y sus intereses.<\/p>\n\n\n\n<p>Nuestra oferta educativa incluye cursos de sensibilizaci\u00f3n para los m\u00e1s peque\u00f1os, iniciaci\u00f3n, un programa curricular paralelo al de los conservatorios, as\u00ed como un amplio abanico de posibilidades para j\u00f3venes y adultos que quieran iniciarse en la m\u00fasica o reanudar el contacto con el instrumento.<\/p>\n\n\n\n<p>El Estudi Musical 143 tambi\u00e9n ofrece cursos de preparaci\u00f3n espec\u00edficos para los alumnos interesados \u200b\u200ben superar con \u00e9xito las pruebas de acceso a Conservatorios de Grado Profesional, as\u00ed como a Centros de Grado Superior (ESMUC, Conservatorio del Liceu y otros).<\/p>\n\n\n\n<p>Es nuestro deseo que la actividad musical no se reduzca en el \u00e1mbito del aula. Se programar\u00e1n conciertos, clases magistrales, audiciones comentadas, cursos de formaci\u00f3n divulgativa y otras actividades.<\/p>\n<\/div>\n<\/div>\n\n\n\n<div class=\"wp-block-column is-layout-flow wp-block-column-is-layout-flow\" style=\"flex-basis:33.33%\">\n<figure class=\"wp-block-image size-large block-visibility-hide-small-screen\"><img alt=\"\" decoding=\"async\" width=\"963\" height=\"1024\" src=\"https:\/\/www.estudimusical143.com\/wp-content\/uploads\/2025\/01\/ofeta-formativa-963x1024.jpg\" alt=\"\" class=\"wp-image-96\" srcset=\"https:\/\/www.estudimusical143.com\/wp-content\/uploads\/2025\/01\/ofeta-formativa-963x1024.jpg 963w, https:\/\/www.estudimusical143.com\/wp-content\/uploads\/2025\/01\/ofeta-formativa-282x300.jpg 282w, https:\/\/www.estudimusical143.com\/wp-content\/uploads\/2025\/01\/ofeta-formativa-768x817.jpg 768w, https:\/\/www.estudimusical143.com\/wp-content\/uploads\/2025\/01\/ofeta-formativa.jpg 1430w\" sizes=\"(max-width: 963px) 100vw, 963px\" \/><\/figure>\n<\/div>\n<\/div>\n<\/div>\n\n\n<div class=\"post-collection-wrapper\">\n\t<div class=\"container\">\n\t\t\t\t\t<div class=\"post-collection\">\n\t\t\t\t\t\t\t\t\t<div class=\"post-item\">\n    <a href=\"https:\/\/www.estudimusical143.com\/es\/oferta-educativa\/instrumentos\/\" class=\"post-item__link\">\n        <div class=\"post-item__inner\">\n                                        <picture class=\"post-item__image\">\n                    <source media=\"(min-width:900px)\" srcset=\"https:\/\/www.estudimusical143.com\/wp-content\/uploads\/2025\/01\/instr-1-600x320-c-default.webp\">\n                    <img decoding=\"async\" src=\"https:\/\/www.estudimusical143.com\/wp-content\/uploads\/2025\/01\/instr-1-300x160-c-default.webp\" alt=\"Instrumentos\" \/>\n                <\/picture>\n                        <div class=\"post-item__text\">\n                <h3 class=\"post-item__title\">\n                    Instrumentos\n                <\/h3>\n                <div class=\"post-item__excerpt\">\n                    Piano, viol\u00edn, viola, violoncel, flauta travessera, clarinete, saxo, ukelele, guitarra ac\u00fastica, guitarra el\u00e9ctrica, trompeta, trompa y canto.\n                <\/div>\n            <\/div>\n        <\/div>\n    <\/a>\n<\/div>\t\t\t\t\t\t\t\t\t<div class=\"post-item\">\n    <a href=\"https:\/\/www.estudimusical143.com\/es\/oferta-educativa\/tallers-instrumentals\/\" class=\"post-item__link\">\n        <div class=\"post-item__inner\">\n                                        <picture class=\"post-item__image\">\n                    <source media=\"(min-width:900px)\" srcset=\"https:\/\/www.estudimusical143.com\/wp-content\/uploads\/2025\/05\/tallers-instrumentals1-600x320-c-default.webp\">\n                    <img decoding=\"async\" src=\"https:\/\/www.estudimusical143.com\/wp-content\/uploads\/2025\/05\/tallers-instrumentals1-300x160-c-default.webp\" alt=\"Talleres instrumentales\" \/>\n                <\/picture>\n                        <div class=\"post-item__text\">\n                <h3 class=\"post-item__title\">\n                    Talleres instrumentales\n                <\/h3>\n                <div class=\"post-item__excerpt\">\n                    Iniciaci\u00f3n al instrumento musical para ni\u00f1os y ni\u00f1as.\n                <\/div>\n            <\/div>\n        <\/div>\n    <\/a>\n<\/div>\t\t\t\t\t\t\t\t\t<div class=\"post-item\">\n    <a href=\"https:\/\/www.estudimusical143.com\/es\/oferta-educativa\/sensibilitzacion-en-la-musica-para-ninos-de-3-a-6-anos\/\" class=\"post-item__link\">\n        <div class=\"post-item__inner\">\n                                        <picture class=\"post-item__image\">\n                    <source media=\"(min-width:900px)\" srcset=\"https:\/\/www.estudimusical143.com\/wp-content\/uploads\/2025\/05\/sensibilitzacia-2-600x320-c-default.webp\">\n                    <img decoding=\"async\" src=\"https:\/\/www.estudimusical143.com\/wp-content\/uploads\/2025\/05\/sensibilitzacia-2-300x160-c-default.webp\" alt=\"Sensibilitzaci\u00f3n en la m\u00fasica para ni\u00f1os de 3 a 6 a\u00f1os\" \/>\n                <\/picture>\n                        <div class=\"post-item__text\">\n                <h3 class=\"post-item__title\">\n                    Sensibilitzaci\u00f3n en la m\u00fasica para ni\u00f1os de 3 a 6 a\u00f1os\n                <\/h3>\n                <div class=\"post-item__excerpt\">\n                    Volem despertar l\u2019inter\u00e8s cap a la m\u00fasica d\u2019una manera immersiva i amena, fent que el&hellip;\n                <\/div>\n            <\/div>\n        <\/div>\n    <\/a>\n<\/div>\t\t\t\t\t\t\t\t\t<div class=\"post-item\">\n    <a href=\"https:\/\/www.estudimusical143.com\/es\/oferta-educativa\/iniciacion-en-la-musica-para-ninos-de-5-y-6-anos\/\" class=\"post-item__link\">\n        <div class=\"post-item__inner\">\n                                        <picture class=\"post-item__image\">\n                    <source media=\"(min-width:900px)\" srcset=\"https:\/\/www.estudimusical143.com\/wp-content\/uploads\/2025\/05\/iniciacio-5-6-2015-600x320-c-default.webp\">\n                    <img decoding=\"async\" src=\"https:\/\/www.estudimusical143.com\/wp-content\/uploads\/2025\/05\/iniciacio-5-6-2015-300x160-c-default.webp\" alt=\"Iniciaci\u00f3n en la m\u00fasica para ni\u00f1os de 5 y 6 a\u00f1os\" \/>\n                <\/picture>\n                        <div class=\"post-item__text\">\n                <h3 class=\"post-item__title\">\n                    Iniciaci\u00f3n en la m\u00fasica para ni\u00f1os de 5 y 6 a\u00f1os\n                <\/h3>\n                <div class=\"post-item__excerpt\">\n                    Continuaci\u00f3n en la l\u00ednea de trabajo sensorial y l\u00fadica como herramienta para desarrollar las capacidades motrices y musicales&hellip;\n                <\/div>\n            <\/div>\n        <\/div>\n    <\/a>\n<\/div>\t\t\t\t\t\t\t\t\t<div class=\"post-item\">\n    <a href=\"https:\/\/www.estudimusical143.com\/es\/oferta-educativa\/llenguatge-musical-a-partir-de-7-anys\/\" class=\"post-item__link\">\n        <div class=\"post-item__inner\">\n                                        <picture class=\"post-item__image\">\n                    <source media=\"(min-width:900px)\" srcset=\"https:\/\/www.estudimusical143.com\/wp-content\/uploads\/2025\/05\/llenguatge-7-anys-2-600x320-c-default.webp\">\n                    <img decoding=\"async\" src=\"https:\/\/www.estudimusical143.com\/wp-content\/uploads\/2025\/05\/llenguatge-7-anys-2-300x160-c-default.webp\" alt=\"Lenguaje musical a partir de 7 a\u00f1os\" \/>\n                <\/picture>\n                        <div class=\"post-item__text\">\n                <h3 class=\"post-item__title\">\n                    Lenguaje musical a partir de 7 a\u00f1os\n                <\/h3>\n                <div class=\"post-item__excerpt\">\n                    Una sesi\u00f3n semanal con cursos organizados por niveles desde Preparatorio a Quinto de lenguaje musical.\n                <\/div>\n            <\/div>\n        <\/div>\n    <\/a>\n<\/div>\t\t\t\t\t\t\t\t\t<div class=\"post-item\">\n    <a href=\"https:\/\/www.estudimusical143.com\/es\/oferta-educativa\/curs-de-llenguatge-preparacio-a-les-proves-dacces-a-grau-professional\/\" class=\"post-item__link\">\n        <div class=\"post-item__inner\">\n                                    <div class=\"post-item__text\">\n                <h3 class=\"post-item__title\">\n                    Curso de lenguaje preparaci\u00f3n a las pruebas de acceso a grado profesional\n                <\/h3>\n                <div class=\"post-item__excerpt\">\n                    Curso enfocado a consolidar de forma m\u00e1s espec\u00edfica los aspectos clave para lograr el acceso&hellip;\n                <\/div>\n            <\/div>\n        <\/div>\n    <\/a>\n<\/div>\t\t\t\t\t\t\t\t\t<div class=\"post-item\">\n    <a href=\"https:\/\/www.estudimusical143.com\/es\/oferta-educativa\/assignatures-teoriques\/\" class=\"post-item__link\">\n        <div class=\"post-item__inner\">\n                                        <picture class=\"post-item__image\">\n                    <source media=\"(min-width:900px)\" srcset=\"https:\/\/www.estudimusical143.com\/wp-content\/uploads\/2025\/05\/assignatures-teoriques-2-600x320-c-default.webp\">\n                    <img decoding=\"async\" src=\"https:\/\/www.estudimusical143.com\/wp-content\/uploads\/2025\/05\/assignatures-teoriques-2-300x160-c-default.webp\" alt=\"Asignaturas te\u00f3ricas\" \/>\n                <\/picture>\n                        <div class=\"post-item__text\">\n                <h3 class=\"post-item__title\">\n                    Asignaturas te\u00f3ricas\n                <\/h3>\n                <div class=\"post-item__excerpt\">\n                    Armon\u00eda \u2013 An\u00e1lisis \u2013 Audici\u00f3n comentada\n                <\/div>\n            <\/div>\n        <\/div>\n    <\/a>\n<\/div>\t\t\t\t\t\t\t\t\t<div class=\"post-item\">\n    <a href=\"https:\/\/www.estudimusical143.com\/es\/oferta-educativa\/coro-infantil\/\" class=\"post-item__link\">\n        <div class=\"post-item__inner\">\n                                        <picture class=\"post-item__image\">\n                    <source media=\"(min-width:900px)\" srcset=\"https:\/\/www.estudimusical143.com\/wp-content\/uploads\/2025\/05\/cor-infantil-600x320-c-default.webp\">\n                    <img decoding=\"async\" src=\"https:\/\/www.estudimusical143.com\/wp-content\/uploads\/2025\/05\/cor-infantil-300x160-c-default.webp\" alt=\"Coro infantil\" \/>\n                <\/picture>\n                        <div class=\"post-item__text\">\n                <h3 class=\"post-item__title\">\n                    Coro infantil\n                <\/h3>\n                <div class=\"post-item__excerpt\">\n                    Para ni\u00f1os y ni\u00f1as de entre 7 y 14 a\u00f1os\n                <\/div>\n            <\/div>\n        <\/div>\n    <\/a>\n<\/div>\t\t\t\t\t\t\t\t\t<div class=\"post-item\">\n    <a href=\"https:\/\/www.estudimusical143.com\/es\/oferta-educativa\/coro-em143\/\" class=\"post-item__link\">\n        <div class=\"post-item__inner\">\n                                        <picture class=\"post-item__image\">\n                    <source media=\"(min-width:900px)\" srcset=\"https:\/\/www.estudimusical143.com\/wp-content\/uploads\/2025\/05\/cor-em143-600x320-c-default.webp\">\n                    <img decoding=\"async\" src=\"https:\/\/www.estudimusical143.com\/wp-content\/uploads\/2025\/05\/cor-em143-300x160-c-default.webp\" alt=\"Coro EM143\" \/>\n                <\/picture>\n                        <div class=\"post-item__text\">\n                <h3 class=\"post-item__title\">\n                    Coro EM143\n                <\/h3>\n                <div class=\"post-item__excerpt\">\n                    Dirigido a mayores de 18 a\u00f1os\n                <\/div>\n            <\/div>\n        <\/div>\n    <\/a>\n<\/div>\t\t\t\t\t\t\t\t\t<div class=\"post-item\">\n    <a href=\"https:\/\/www.estudimusical143.com\/es\/oferta-educativa\/musica-de-camara\/\" class=\"post-item__link\">\n        <div class=\"post-item__inner\">\n                                        <picture class=\"post-item__image\">\n                    <source media=\"(min-width:900px)\" srcset=\"https:\/\/www.estudimusical143.com\/wp-content\/uploads\/2025\/05\/mesica-de-cambra-2-600x320-c-default.webp\">\n                    <img decoding=\"async\" src=\"https:\/\/www.estudimusical143.com\/wp-content\/uploads\/2025\/05\/mesica-de-cambra-2-300x160-c-default.webp\" alt=\"M\u00fasica de c\u00e1mara\" \/>\n                <\/picture>\n                        <div class=\"post-item__text\">\n                <h3 class=\"post-item__title\">\n                    M\u00fasica de c\u00e1mara\n                <\/h3>\n                <div class=\"post-item__excerpt\">\n                    M\u00fasica hecha con conjunto. Abierta a la formaci\u00f3n de diversas agrupaciones. M\u00fasica trabajada con rigor, pero con el&hellip;\n                <\/div>\n            <\/div>\n        <\/div>\n    <\/a>\n<\/div>\t\t\t\t\t\t\t\t\t<div class=\"post-item\">\n    <a href=\"https:\/\/www.estudimusical143.com\/es\/oferta-educativa\/masterclasses\/\" class=\"post-item__link\">\n        <div class=\"post-item__inner\">\n                                        <picture class=\"post-item__image\">\n                    <source media=\"(min-width:900px)\" srcset=\"https:\/\/www.estudimusical143.com\/wp-content\/uploads\/2025\/05\/masterclasses-4-600x320-c-default.webp\">\n                    <img decoding=\"async\" src=\"https:\/\/www.estudimusical143.com\/wp-content\/uploads\/2025\/05\/masterclasses-4-300x160-c-default.webp\" alt=\"Masterclasses\" \/>\n                <\/picture>\n                        <div class=\"post-item__text\">\n                <h3 class=\"post-item__title\">\n                    Masterclasses\n                <\/h3>\n                <div class=\"post-item__excerpt\">\n                    Dirigidos a los alumnos de nivel profesional y superior con inter\u00e9s en perfeccionar su repertorio. Ir\u00e1n a cargo&hellip;\n                <\/div>\n            <\/div>\n        <\/div>\n    <\/a>\n<\/div>\t\t\t\t\t\t\t\t\t<div class=\"post-item\">\n    <a href=\"https:\/\/www.estudimusical143.com\/es\/oferta-educativa\/cursos-especifics\/\" class=\"post-item__link\">\n        <div class=\"post-item__inner\">\n                                    <div class=\"post-item__text\">\n                <h3 class=\"post-item__title\">\n                    Cursos espec\u00edficos\n                <\/h3>\n                <div class=\"post-item__excerpt\">\n                    Preparaci\u00f3n para pruebas de acceso a Grado Profesional i pruebas de acceso a Grado Superior.\n                <\/div>\n            <\/div>\n        <\/div>\n    <\/a>\n<\/div>\t\t\t\t\t\t\t<\/div>\n\t\t\t<\/div>\n<\/div><\/div>\n","protected":false},"excerpt":{"rendered":"<p>El prop\u00f3sito de la escuela es el de ofrecer una formaci\u00f3n musical de alta calidad, con un plan de estudios personalizado y adecuado al ritmo de cada alumno, sus capacidades y sus intereses. Nuestra oferta educativa incluye cursos de sensibilizaci\u00f3n para los m\u00e1s peque\u00f1os, iniciaci\u00f3n, un programa curricular paralelo al de los conservatorios, as\u00ed como [&hellip;]<\/p>\n","protected":false},"author":1,"featured_media":0,"parent":0,"menu_order":14,"comment_status":"closed","ping_status":"closed","template":"","meta":{"_seopress_robots_primary_cat":"","_seopress_titles_title":"","_seopress_titles_desc":"","_seopress_robots_index":"","footnotes":""},"class_list":["post-142","page","type-page","status-publish","hentry"],"_links":{"self":[{"href":"https:\/\/www.estudimusical143.com\/es\/wp-json\/wp\/v2\/pages\/142","targetHints":{"allow":["GET"]}}],"collection":[{"href":"https:\/\/www.estudimusical143.com\/es\/wp-json\/wp\/v2\/pages"}],"about":[{"href":"https:\/\/www.estudimusical143.com\/es\/wp-json\/wp\/v2\/types\/page"}],"author":[{"embeddable":true,"href":"https:\/\/www.estudimusical143.com\/es\/wp-json\/wp\/v2\/users\/1"}],"replies":[{"embeddable":true,"href":"https:\/\/www.estudimusical143.com\/es\/wp-json\/wp\/v2\/comments?post=142"}],"version-history":[{"count":0,"href":"https:\/\/www.estudimusical143.com\/es\/wp-json\/wp\/v2\/pages\/142\/revisions"}],"wp:attachment":[{"href":"https:\/\/www.estudimusical143.com\/es\/wp-json\/wp\/v2\/media?parent=142"}],"curies":[{"name":"wp","href":"https:\/\/api.w.org\/{rel}","templated":true}]}}