{"id":138,"date":"2025-01-02T14:29:56","date_gmt":"2025-01-02T13:29:56","guid":{"rendered":"https:\/\/www.estudimusical143.com\/?page_id=138"},"modified":"2026-04-22T17:49:46","modified_gmt":"2026-04-22T15:49:46","slug":"inici","status":"publish","type":"page","link":"https:\/\/www.estudimusical143.com\/es\/","title":{"rendered":"Inicio"},"content":{"rendered":"\n<div class=\"wp-block-group alignfull is-style-section has-white-background-color has-background has-global-padding is-layout-constrained wp-block-group-is-layout-constrained\" style=\"margin-top:0;margin-bottom:0;padding-top:0;padding-bottom:0\">\n<div class=\"wp-block-columns alignwide are-vertically-aligned-center is-layout-flex wp-container-core-columns-is-layout-87beb0d0 wp-block-columns-is-layout-flex\">\n<div class=\"wp-block-column is-vertically-aligned-center is-layout-flow wp-block-column-is-layout-flow\">\n<div class=\"wp-block-cb-carousel-v2 cb-carousel-block cb-single-slide\" data-cb-slides-per-view=\"1\" data-cb-slides-per-group=\"1\" data-cb-space-between=\"0\" data-cb-speed=\"700\" data-cb-pagination=\"true\" data-cb-loop=\"true\" data-cb-autoplay=\"true\" data-cb-autoplay-speed=\"7000\" data-cb-breakpoints=\"{&quot;768&quot;:{&quot;slidesPerView&quot;:1,&quot;slidesPerGroup&quot;:1}}\"><div class=\"swiper\"><div class=\"cb-wrapper swiper-wrapper\">\n<div class=\"wp-block-cb-slide-v2 cb-slide swiper-slide\">\n<div class=\"wp-block-cover wp-duotone-unset-1\" style=\"min-height:50vh;aspect-ratio:unset;\"><img alt=\"\" decoding=\"async\" width=\"1024\" height=\"576\" class=\"wp-block-cover__image-background wp-image-240 size-large\" alt=\"\" src=\"https:\/\/www.estudimusical143.com\/wp-content\/uploads\/2025\/09\/slider122-1024x576.jpg\" style=\"object-position:50% 48%\" data-object-fit=\"cover\" data-object-position=\"50% 48%\" srcset=\"https:\/\/www.estudimusical143.com\/wp-content\/uploads\/2025\/09\/slider122-1024x576.jpg 1024w, https:\/\/www.estudimusical143.com\/wp-content\/uploads\/2025\/09\/slider122-300x169.jpg 300w, https:\/\/www.estudimusical143.com\/wp-content\/uploads\/2025\/09\/slider122-768x432.jpg 768w, https:\/\/www.estudimusical143.com\/wp-content\/uploads\/2025\/09\/slider122-50x28.jpg 50w, https:\/\/www.estudimusical143.com\/wp-content\/uploads\/2025\/09\/slider122-1536x864.jpg 1536w, https:\/\/www.estudimusical143.com\/wp-content\/uploads\/2025\/09\/slider122.jpg 1600w\" sizes=\"(max-width: 1024px) 100vw, 1024px\" \/><span aria-hidden=\"true\" class=\"wp-block-cover__background has-background-dim-0 has-background-dim\"><\/span><div class=\"wp-block-cover__inner-container has-global-padding is-layout-constrained wp-block-cover-is-layout-constrained\">\n<p class=\"has-text-align-center has-large-font-size\"><\/p>\n<\/div><\/div>\n<\/div>\n\n\n\n<div class=\"wp-block-cb-slide-v2 cb-slide swiper-slide\">\n<div class=\"wp-block-cover\" style=\"min-height:50vh;aspect-ratio:unset;\"><img alt=\"\" decoding=\"async\" width=\"1024\" height=\"768\" class=\"wp-block-cover__image-background wp-image-243 size-large\" alt=\"\" src=\"https:\/\/www.estudimusical143.com\/wp-content\/uploads\/2025\/09\/slider19-1024x768.jpg\" data-object-fit=\"cover\" srcset=\"https:\/\/www.estudimusical143.com\/wp-content\/uploads\/2025\/09\/slider19-1024x768.jpg 1024w, https:\/\/www.estudimusical143.com\/wp-content\/uploads\/2025\/09\/slider19-300x225.jpg 300w, https:\/\/www.estudimusical143.com\/wp-content\/uploads\/2025\/09\/slider19-768x576.jpg 768w, https:\/\/www.estudimusical143.com\/wp-content\/uploads\/2025\/09\/slider19-50x38.jpg 50w, https:\/\/www.estudimusical143.com\/wp-content\/uploads\/2025\/09\/slider19-1600x1200.jpg 1600w, https:\/\/www.estudimusical143.com\/wp-content\/uploads\/2025\/09\/slider19-1536x1152.jpg 1536w, https:\/\/www.estudimusical143.com\/wp-content\/uploads\/2025\/09\/slider19-2048x1536.jpg 2048w\" sizes=\"(max-width: 1024px) 100vw, 1024px\" \/><span aria-hidden=\"true\" class=\"wp-block-cover__background has-background-dim-0 has-background-dim\"><\/span><div class=\"wp-block-cover__inner-container has-global-padding is-layout-constrained wp-block-cover-is-layout-constrained\">\n<p class=\"has-text-align-center has-large-font-size\"><\/p>\n<\/div><\/div>\n<\/div>\n\n\n\n<div class=\"wp-block-cb-slide-v2 cb-slide swiper-slide\">\n<div class=\"wp-block-cover\" style=\"min-height:50vh;aspect-ratio:unset;\"><img alt=\"\" decoding=\"async\" width=\"1024\" height=\"552\" class=\"wp-block-cover__image-background wp-image-245 size-large\" alt=\"\" src=\"https:\/\/www.estudimusical143.com\/wp-content\/uploads\/2025\/09\/slider120-1024x552.jpg\" data-object-fit=\"cover\" srcset=\"https:\/\/www.estudimusical143.com\/wp-content\/uploads\/2025\/09\/slider120-1024x552.jpg 1024w, https:\/\/www.estudimusical143.com\/wp-content\/uploads\/2025\/09\/slider120-300x162.jpg 300w, https:\/\/www.estudimusical143.com\/wp-content\/uploads\/2025\/09\/slider120-768x414.jpg 768w, https:\/\/www.estudimusical143.com\/wp-content\/uploads\/2025\/09\/slider120-50x27.jpg 50w, https:\/\/www.estudimusical143.com\/wp-content\/uploads\/2025\/09\/slider120-1600x863.jpg 1600w, https:\/\/www.estudimusical143.com\/wp-content\/uploads\/2025\/09\/slider120-1536x828.jpg 1536w, https:\/\/www.estudimusical143.com\/wp-content\/uploads\/2025\/09\/slider120-2048x1105.jpg 2048w\" sizes=\"(max-width: 1024px) 100vw, 1024px\" \/><span aria-hidden=\"true\" class=\"wp-block-cover__background has-background-dim-0 has-background-dim\"><\/span><div class=\"wp-block-cover__inner-container has-global-padding is-layout-constrained wp-block-cover-is-layout-constrained\">\n<p class=\"has-text-align-center has-large-font-size\"><\/p>\n<\/div><\/div>\n<\/div>\n<\/div><\/div><div class=\"cb-pagination swiper-pagination\"><\/div><\/div>\n<\/div>\n\n\n\n<div class=\"wp-block-column is-vertically-aligned-center is-layout-flow wp-container-core-column-is-layout-22223934 wp-block-column-is-layout-flow\">\n<h3 class=\"wp-block-heading has-text-align-left is-style-section has-x-large-font-size\" style=\"margin-top:0px;margin-right:0px;margin-bottom:0px;margin-left:0px;line-height:1\">Actualidad<\/h3>\n\n\n<div class=\"last-posts-blocks block-posts-collection\">\n    <div class=\"container\">\n                    <div class=\"post-collection post-collection--vertical\">\n                                    \n    <div class=\"post-item-horizontal\">\n        <a href=\"https:\/\/www.estudimusical143.com\/es\/exito-de-puertas-abiertas\/\" class=\"post-item__link\">\n                                        <picture class=\"post-item__image\">\n                    <source media=\"(min-width:900px)\" srcset=\"https:\/\/www.estudimusical143.com\/wp-content\/uploads\/2026\/04\/taller06-e1776872765193-600x320-c-default.webp\">\n                    <img decoding=\"async\" src=\"https:\/\/www.estudimusical143.com\/wp-content\/uploads\/2026\/04\/taller06-e1776872765193-300x160-c-default.webp\" alt=\"\u00a1\u00c9xito de Puertas Abiertas!\" \/>\n                <\/picture>\n                        <div class=\"post-item__text\">\n\n\t\t\t\t\t\t\t\t\t\t\t\t\t<div class=\"post-item__meta\">\n\t\t\t\t\t\t<p class=\"post-item__tags-wrapper\">\n\t\t\t\t\t\t\t\t\t\t\t\t\t\t\t<span class=\"post-item__tag\">Not\u00edcias<\/span>\n\t\t\t\t\t\t\t\t\t\t\t\t\t<\/p>\n\t\t\t\t\t<\/div>\n\t\t\t\t\n                <h3 class=\"post-item__title\">\n                    \u00a1\u00c9xito de Puertas Abiertas!\n                <\/h3>\n\n            <\/div>\n        <\/a>\n    <\/div>\n                                    \n    <div class=\"post-item-horizontal\">\n        <a href=\"https:\/\/www.estudimusical143.com\/es\/proximas-masterclasses-en-el-estudi\/\" class=\"post-item__link\">\n                                        <picture class=\"post-item__image\">\n                    <source media=\"(min-width:900px)\" srcset=\"https:\/\/www.estudimusical143.com\/wp-content\/uploads\/2026\/03\/masterclasses-i-cursos-1-600x320-c-default.webp\">\n                    <img decoding=\"async\" src=\"https:\/\/www.estudimusical143.com\/wp-content\/uploads\/2026\/03\/masterclasses-i-cursos-1-300x160-c-default.webp\" alt=\"Pr\u00f3ximas Masterclasses en el Estudi\" \/>\n                <\/picture>\n                        <div class=\"post-item__text\">\n\n\t\t\t\t\t\t\t\t\t\t\t\t\t<div class=\"post-item__meta\">\n\t\t\t\t\t\t<p class=\"post-item__tags-wrapper\">\n\t\t\t\t\t\t\t\t\t\t\t\t\t\t\t<span class=\"post-item__tag\">Masterclases<\/span>\n\t\t\t\t\t\t\t\t\t\t\t\t\t<\/p>\n\t\t\t\t\t<\/div>\n\t\t\t\t\n                <h3 class=\"post-item__title\">\n                    Pr\u00f3ximas Masterclasses en el Estudi\n                <\/h3>\n\n            <\/div>\n        <\/a>\n    <\/div>\n                                    \n    <div class=\"post-item-horizontal\">\n        <a href=\"https:\/\/www.estudimusical143.com\/es\/barcelona-viola-masterclasses\/\" class=\"post-item__link\">\n                                        <picture class=\"post-item__image\">\n                    <source media=\"(min-width:900px)\" srcset=\"https:\/\/www.estudimusical143.com\/wp-content\/uploads\/2025\/10\/bcnviolamasterclass-resized-1-600x320-c-default.webp\">\n                    <img decoding=\"async\" src=\"https:\/\/www.estudimusical143.com\/wp-content\/uploads\/2025\/10\/bcnviolamasterclass-resized-1-300x160-c-default.webp\" alt=\"Barcelona Viola Masterclasses\" \/>\n                <\/picture>\n                        <div class=\"post-item__text\">\n\n\t\t\t\t\t\t\t\t\t\t\t\t\t<div class=\"post-item__meta\">\n\t\t\t\t\t\t<p class=\"post-item__tags-wrapper\">\n\t\t\t\t\t\t\t\t\t\t\t\t\t\t\t<span class=\"post-item__tag\">Masterclases<\/span>\n\t\t\t\t\t\t\t\t\t\t\t\t\t<\/p>\n\t\t\t\t\t<\/div>\n\t\t\t\t\n                <h3 class=\"post-item__title\">\n                    Barcelona Viola Masterclasses\n                <\/h3>\n\n            <\/div>\n        <\/a>\n    <\/div>\n                            <\/div>\n            <\/div>\n<\/div>\n\n\n<div class=\"wp-block-buttons is-content-justification-left is-layout-flex wp-container-core-buttons-is-layout-fc4fd283 wp-block-buttons-is-layout-flex\">\n<div class=\"wp-block-button\"><a class=\"wp-block-button__link wp-element-button\" href=\"https:\/\/www.estudimusical143.com\/es\/actualidad\/\">IR A ACTUALIDAD<\/a><\/div>\n<\/div>\n<\/div>\n<\/div>\n<\/div>\n\n\n\n<div class=\"wp-block-group alignfull is-style-section has-white-background-color has-background has-global-padding is-layout-constrained wp-block-group-is-layout-constrained\">\n<div class=\"wp-block-group has-global-padding is-layout-constrained wp-block-group-is-layout-constrained\">\n<h2 class=\"wp-block-heading has-text-align-center has-huge-font-size\" style=\"margin-top:0;margin-bottom:var(--wp--preset--spacing--30)\">\u00a1Bienvenidos a Estudi Musical 143!<\/h2>\n\n\n\n<p class=\"has-text-align-center has-medium-font-size\">El <strong>Estudi&nbsp; Musical&nbsp; 143<\/strong>&nbsp;es una Escuela de M\u00fasica que inici\u00f3 su actividad acad\u00e9mica y musical en el curso 2012-2013. La sede se encuentra en un edificio noucentista situado en el Eixample de Barcelona y est\u00e1 muy bien comunicado.<\/p>\n\n\n\n<p class=\"has-text-align-center has-medium-font-size\">Tenemos como objetivo ofrecer una formaci\u00f3n musical de alta calidad con una amplia oferta adecuada y personalizada seg\u00fan las necesidades de cada alumno<\/p>\n\n\n\n<div class=\"wp-block-buttons is-content-justification-center is-layout-flex wp-container-core-buttons-is-layout-a89b3969 wp-block-buttons-is-layout-flex\">\n<div class=\"wp-block-button\"><a class=\"wp-block-button__link wp-element-button\" href=\"https:\/\/www.estudimusical143.com\/es\/quienes-somos\/\">CON\u00d3CENOS<\/a><\/div>\n<\/div>\n<\/div>\n<\/div>\n\n\n\n<div class=\"wp-block-group alignfull is-style-section has-gray-light-background-color has-background has-global-padding is-layout-constrained wp-block-group-is-layout-constrained\">\n<div class=\"wp-block-group alignwide is-layout-flow wp-block-group-is-layout-flow\">\n<h3 class=\"wp-block-heading has-text-align-center is-style-section\">Oferta educativa<\/h3>\n\n\n<div class=\"featured-offers-blocks block-posts-collection\">\n    <div class=\"container\">\n                    <div class=\"post-collection\">\n                                    <div class=\"post-item\">\n    <a href=\"https:\/\/www.estudimusical143.com\/es\/oferta-educativa\/masterclasses\/\" class=\"post-item__link\">\n        <div class=\"post-item__inner\">\n                                        <picture class=\"post-item__image\">\n                    <source media=\"(min-width:900px)\" srcset=\"https:\/\/www.estudimusical143.com\/wp-content\/uploads\/2025\/05\/masterclasses-4-600x320-c-default.webp\">\n                    <img decoding=\"async\" src=\"https:\/\/www.estudimusical143.com\/wp-content\/uploads\/2025\/05\/masterclasses-4-300x160-c-default.webp\" alt=\"Masterclasses\" \/>\n                <\/picture>\n                        <div class=\"post-item__text\">\n                <h3 class=\"post-item__title\">\n                    Masterclasses\n                <\/h3>\n                <div class=\"post-item__excerpt\">\n                    Dirigidos a los alumnos de nivel profesional y superior con inter\u00e9s en perfeccionar su repertorio. Ir\u00e1n a cargo&hellip;\n                <\/div>\n            <\/div>\n        <\/div>\n    <\/a>\n<\/div>                                    <div class=\"post-item\">\n    <a href=\"https:\/\/www.estudimusical143.com\/es\/oferta-educativa\/tallers-instrumentals\/\" class=\"post-item__link\">\n        <div class=\"post-item__inner\">\n                                        <picture class=\"post-item__image\">\n                    <source media=\"(min-width:900px)\" srcset=\"https:\/\/www.estudimusical143.com\/wp-content\/uploads\/2025\/05\/tallers-instrumentals1-600x320-c-default.webp\">\n                    <img decoding=\"async\" src=\"https:\/\/www.estudimusical143.com\/wp-content\/uploads\/2025\/05\/tallers-instrumentals1-300x160-c-default.webp\" alt=\"Talleres instrumentales\" \/>\n                <\/picture>\n                        <div class=\"post-item__text\">\n                <h3 class=\"post-item__title\">\n                    Talleres instrumentales\n                <\/h3>\n                <div class=\"post-item__excerpt\">\n                    Iniciaci\u00f3n al instrumento musical para ni\u00f1os y ni\u00f1as.\n                <\/div>\n            <\/div>\n        <\/div>\n    <\/a>\n<\/div>                                    <div class=\"post-item\">\n    <a href=\"https:\/\/www.estudimusical143.com\/es\/oferta-educativa\/instrumentos\/\" class=\"post-item__link\">\n        <div class=\"post-item__inner\">\n                                        <picture class=\"post-item__image\">\n                    <source media=\"(min-width:900px)\" srcset=\"https:\/\/www.estudimusical143.com\/wp-content\/uploads\/2025\/01\/instr-1-600x320-c-default.webp\">\n                    <img decoding=\"async\" src=\"https:\/\/www.estudimusical143.com\/wp-content\/uploads\/2025\/01\/instr-1-300x160-c-default.webp\" alt=\"Instrumentos\" \/>\n                <\/picture>\n                        <div class=\"post-item__text\">\n                <h3 class=\"post-item__title\">\n                    Instrumentos\n                <\/h3>\n                <div class=\"post-item__excerpt\">\n                    Piano, viol\u00edn, viola, violoncel, flauta travessera, clarinete, saxo, ukelele, guitarra ac\u00fastica, guitarra el\u00e9ctrica, trompeta, trompa y canto.\n                <\/div>\n            <\/div>\n        <\/div>\n    <\/a>\n<\/div>                            <\/div>\n            <\/div>\n<\/div>\n\n\n<div class=\"wp-block-buttons is-content-justification-center is-layout-flex wp-container-core-buttons-is-layout-a89b3969 wp-block-buttons-is-layout-flex\">\n<div class=\"wp-block-button\"><a class=\"wp-block-button__link wp-element-button\" href=\"https:\/\/www.estudimusical143.com\/es\/oferta-educativa\/\">VEURE OFERTA FORMATIVA<\/a><\/div>\n<\/div>\n<\/div>\n<\/div>\n","protected":false},"excerpt":{"rendered":"<p>Actualidad \u00a1Bienvenidos a Estudi Musical 143! El Estudi&nbsp; Musical&nbsp; 143&nbsp;es una Escuela de M\u00fasica que inici\u00f3 su actividad acad\u00e9mica y musical en el curso 2012-2013. La sede se encuentra en un edificio noucentista situado en el Eixample de Barcelona y est\u00e1 muy bien comunicado. Tenemos como objetivo ofrecer una formaci\u00f3n musical de alta calidad con [&hellip;]<\/p>\n","protected":false},"author":1,"featured_media":0,"parent":0,"menu_order":9,"comment_status":"closed","ping_status":"closed","template":"","meta":{"_seopress_robots_primary_cat":"","_seopress_titles_title":"","_seopress_titles_desc":"","_seopress_robots_index":"","footnotes":""},"class_list":["post-138","page","type-page","status-publish","hentry"],"_links":{"self":[{"href":"https:\/\/www.estudimusical143.com\/es\/wp-json\/wp\/v2\/pages\/138","targetHints":{"allow":["GET"]}}],"collection":[{"href":"https:\/\/www.estudimusical143.com\/es\/wp-json\/wp\/v2\/pages"}],"about":[{"href":"https:\/\/www.estudimusical143.com\/es\/wp-json\/wp\/v2\/types\/page"}],"author":[{"embeddable":true,"href":"https:\/\/www.estudimusical143.com\/es\/wp-json\/wp\/v2\/users\/1"}],"replies":[{"embeddable":true,"href":"https:\/\/www.estudimusical143.com\/es\/wp-json\/wp\/v2\/comments?post=138"}],"version-history":[{"count":0,"href":"https:\/\/www.estudimusical143.com\/es\/wp-json\/wp\/v2\/pages\/138\/revisions"}],"wp:attachment":[{"href":"https:\/\/www.estudimusical143.com\/es\/wp-json\/wp\/v2\/media?parent=138"}],"curies":[{"name":"wp","href":"https:\/\/api.w.org\/{rel}","templated":true}]}}